{"id":302,"date":"2020-12-16T09:14:54","date_gmt":"2020-12-16T09:14:54","guid":{"rendered":"https:\/\/beta.aliade.eu\/?page_id=302"},"modified":"2020-12-18T10:36:36","modified_gmt":"2020-12-18T10:36:36","slug":"asesoria-fiscal","status":"publish","type":"page","link":"https:\/\/beta.aliade.eu\/index.php\/asesoria-fiscal\/","title":{"rendered":"Asesor\u00eda fiscal y tributaria"},"content":{"rendered":"\t\t<div data-elementor-type=\"wp-page\" data-elementor-id=\"302\" class=\"elementor elementor-302\" data-elementor-settings=\"[]\">\n\t\t\t\t\t\t<div class=\"elementor-inner\">\n\t\t\t\t\t\t\t<div class=\"elementor-section-wrap\">\n\t\t\t\t\t\t\t<section class=\"elementor-section elementor-top-section elementor-element elementor-element-34548719 elementor-section-full_width elementor-section-height-default elementor-section-height-default\" data-id=\"34548719\" data-element_type=\"section\">\n\t\t\t\t\t\t<div class=\"elementor-container elementor-column-gap-default\">\n\t\t\t\t\t\t\t<div class=\"elementor-row\">\n\t\t\t\t\t<div class=\"elementor-column elementor-col-50 elementor-top-column elementor-element elementor-element-7db20736\" data-id=\"7db20736\" data-element_type=\"column\">\n\t\t\t<div class=\"elementor-column-wrap elementor-element-populated\">\n\t\t\t\t\t\t\t<div class=\"elementor-widget-wrap\">\n\t\t\t\t\t\t<div class=\"elementor-element elementor-element-2be12386 elementor-widget elementor-widget-heading\" data-id=\"2be12386\" data-element_type=\"widget\" data-widget_type=\"heading.default\">\n\t\t\t\t<div class=\"elementor-widget-container\">\n\t\t\t<h1 class=\"elementor-heading-title elementor-size-default\">Asesor\u00eda <b> Fiscal y tributaria<\/b><\/h1>\t\t<\/div>\n\t\t\t\t<\/div>\n\t\t\t\t<div class=\"elementor-element elementor-element-46103839 elementor-widget elementor-widget-text-editor\" data-id=\"46103839\" data-element_type=\"widget\" data-widget_type=\"text-editor.default\">\n\t\t\t\t<div class=\"elementor-widget-container\">\n\t\t\t\t\t<div class=\"elementor-text-editor elementor-clearfix\"><p>En Aliade contamos con una amplia experiencia en el asesoramiento de asuntos fiscales, desde fiscalidad general de sociedades y grupos de entidades hasta aut\u00f3nomos y particulares, pasando por cuestiones relativas a la gesti\u00f3n de patrimonio e impuestos indirectos.\u00a0<\/p><p>Ofrecemos un servicio de seguimiento, estudio y an\u00e1lisis de la situaci\u00f3n tributaria con el objetivo de buscar mayor optimizaci\u00f3n fiscal para cada cliente de manera individualizada, as\u00ed como elaborar mecanismos de control en la cuenta de resultados manteniendo el contacto con la direcci\u00f3n para colaborar en la toma de decisiones que favorezcan la fiscalidad de la misma.\u00a0<\/p><p>Abarcamos:<\/p><ul><li>Confecci\u00f3n y preparaci\u00f3n de autoliquidaciones.<\/li><li>Planificaci\u00f3n fiscal y financiera.<\/li><li>Recursos.<\/li><li>Reclamaciones econ\u00f3mico- administrativas.<\/li><li>Actuaciones frente a la inspecci\u00f3n tributaria.\u00a0<\/li><\/ul><p>\u00a0<\/p><\/div>\n\t\t\t\t<\/div>\n\t\t\t\t<\/div>\n\t\t\t\t\t\t<\/div>\n\t\t\t\t\t<\/div>\n\t\t<\/div>\n\t\t\t\t<div class=\"elementor-column elementor-col-50 elementor-top-column elementor-element elementor-element-2963f908\" data-id=\"2963f908\" data-element_type=\"column\">\n\t\t\t<div class=\"elementor-column-wrap\">\n\t\t\t\t\t\t\t<div class=\"elementor-widget-wrap\">\n\t\t\t\t\t\t\t\t<\/div>\n\t\t\t\t\t<\/div>\n\t\t<\/div>\n\t\t\t\t\t\t\t\t<\/div>\n\t\t\t\t\t<\/div>\n\t\t<\/section>\n\t\t\t\t\t\t<\/div>\n\t\t\t\t\t\t<\/div>\n\t\t\t\t\t<\/div>\n\t\t","protected":false},"excerpt":{"rendered":"<p>Asesor\u00eda Fiscal y tributaria En Aliade contamos con una amplia experiencia en el asesoramiento de asuntos fiscales, desde fiscalidad general de sociedades y grupos de entidades hasta aut\u00f3nomos y particulares, pasando por cuestiones relativas a la gesti\u00f3n de patrimonio e impuestos indirectos.\u00a0 Ofrecemos un servicio de seguimiento, estudio y an\u00e1lisis de la situaci\u00f3n tributaria con &hellip;<\/p>\n<p class=\"read-more\"> <a class=\"\" href=\"https:\/\/beta.aliade.eu\/index.php\/asesoria-fiscal\/\"> <span class=\"screen-reader-text\">Asesor\u00eda fiscal y tributaria<\/span> Leer m\u00e1s &raquo;<\/a><\/p>\n","protected":false},"author":2,"featured_media":0,"parent":0,"menu_order":0,"comment_status":"closed","ping_status":"closed","template":"","meta":[],"_links":{"self":[{"href":"https:\/\/beta.aliade.eu\/index.php\/wp-json\/wp\/v2\/pages\/302"}],"collection":[{"href":"https:\/\/beta.aliade.eu\/index.php\/wp-json\/wp\/v2\/pages"}],"about":[{"href":"https:\/\/beta.aliade.eu\/index.php\/wp-json\/wp\/v2\/types\/page"}],"author":[{"embeddable":true,"href":"https:\/\/beta.aliade.eu\/index.php\/wp-json\/wp\/v2\/users\/2"}],"replies":[{"embeddable":true,"href":"https:\/\/beta.aliade.eu\/index.php\/wp-json\/wp\/v2\/comments?post=302"}],"version-history":[{"count":17,"href":"https:\/\/beta.aliade.eu\/index.php\/wp-json\/wp\/v2\/pages\/302\/revisions"}],"predecessor-version":[{"id":474,"href":"https:\/\/beta.aliade.eu\/index.php\/wp-json\/wp\/v2\/pages\/302\/revisions\/474"}],"wp:attachment":[{"href":"https:\/\/beta.aliade.eu\/index.php\/wp-json\/wp\/v2\/media?parent=302"}],"curies":[{"name":"wp","href":"https:\/\/api.w.org\/{rel}","templated":true}]}}